{"id":64,"date":"2020-01-07T14:11:32","date_gmt":"2020-01-07T14:11:32","guid":{"rendered":"http:\/\/penzion-melkus.cz\/?page_id=64"},"modified":"2022-09-12T18:33:27","modified_gmt":"2022-09-12T18:33:27","slug":"kontakt","status":"publish","type":"page","link":"https:\/\/penzion-melkus.cz\/en\/kontakt\/","title":{"rendered":"Contact"},"content":{"rendered":"<div class=\"wp-block-group\"><div class=\"wp-block-group__inner-container is-layout-flow wp-block-group-is-layout-flow\">\n<div class=\"wp-block-group\"><div class=\"wp-block-group__inner-container is-layout-flow wp-block-group-is-layout-flow\"><div id=\"pl-gb64-6a07e3c25bdbb\"  class=\"panel-layout\" ><div id=\"pg-gb64-6a07e3c25bdbb-0\"  class=\"panel-grid panel-no-style\" ><div id=\"pgc-gb64-6a07e3c25bdbb-0-0\"  class=\"panel-grid-cell\" ><div id=\"panel-gb64-6a07e3c25bdbb-0-0-0\" class=\"so-panel widget widget_sow-editor panel-first-child panel-last-child\" data-index=\"0\" ><div\n\t\t\t\n\t\t\tclass=\"so-widget-sow-editor so-widget-sow-editor-base\"\n\t\t\t\n\t\t>\n<div class=\"siteorigin-widget-tinymce textwidget\">\n\t<h4>Penzion Melkus<\/h4>\n<p>Penzion Melkus<br \/>\nPec pod Sn\u011b\u017ekou \u010dp. 13<br \/>\n542 21 Pec pod Sn\u011b\u017ekou<\/p>\n<p>&nbsp;<\/p>\n<h4>Operator<\/h4>\n<p><strong>Diana Bonkov\u00e1<\/strong><\/p>\n<p>\u010c\u00e1stkova 2292\/49<br \/>\n326 00 Plze\u0148 2<br \/>\nI\u010c: 73412571<br \/>\nDI\u010c: CZ7754262131<\/p>\n<p>&nbsp;<\/p>\n<h4>Contact<\/h4>\n<p><a href=\"mailto:info@penzion-melkus.cz\">info@penzion-melkus.cz<\/a><br \/>\n<a href=\"tel:+420731322534\">+420 731 322 534<\/a> (Diana Bonkov\u00e1)<br \/>\n<a href=\"tel:+420 605 708 633\">+420 605 708 633<\/a> (Vlastimil \u0160lemr)<\/p>\n<p><a href=\"https:\/\/www.facebook.com\/penzionmelkus13\">https:\/\/www.facebook.com\/penzionmelkus13<\/a><\/p>\n<p>&nbsp;<\/p>\n<\/div>\n<\/div><\/div><\/div><div id=\"pgc-gb64-6a07e3c25bdbb-0-1\"  class=\"panel-grid-cell\" ><div id=\"panel-gb64-6a07e3c25bdbb-0-1-0\" class=\"so-panel widget widget_sow-editor panel-first-child panel-last-child\" data-index=\"1\" ><div\n\t\t\t\n\t\t\tclass=\"so-widget-sow-editor so-widget-sow-editor-base\"\n\t\t\t\n\t\t>\n<div class=\"siteorigin-widget-tinymce textwidget\">\n\t<p><div id=\"wpgmza_map\" class=\"wpgmza_map\" data-settings='{\"id\":\"1\",\"map_title\":\"My first map\",\"map_width\":\"100\",\"map_height\":\"550\",\"map_start_lat\":\"50.688799\",\"map_start_lng\":\"15.728353\",\"map_start_location\":\"50.688799,15.72835299999997\",\"map_start_zoom\":\"15\",\"default_marker\":\"0\",\"type\":\"1\",\"alignment\":\"2\",\"directions_enabled\":\"1\",\"styling_enabled\":\"0\",\"styling_json\":\"\",\"active\":\"0\",\"kml\":\"\",\"bicycle\":\"0\",\"traffic\":\"0\",\"dbox\":\"1\",\"dbox_width\":\"100\",\"listmarkers\":\"0\",\"listmarkers_advanced\":\"0\",\"filterbycat\":\"0\",\"ugm_enabled\":\"0\",\"ugm_category_enabled\":\"0\",\"fusion\":\"\",\"map_width_type\":\"\\\\%\",\"map_height_type\":\"px\",\"mass_marker_support\":\"1\",\"ugm_access\":\"0\",\"order_markers_by\":\"1\",\"order_markers_choice\":\"2\",\"show_user_location\":\"0\",\"default_to\":\"\",\"other_settings\":{\"store_locator_enabled\":2,\"store_locator_distance\":2,\"store_locator_default_radius\":10,\"store_locator_not_found_message\":\"No results found in this location. Please try again.\",\"store_locator_bounce\":1,\"store_locator_query_string\":\"ZIP \\\/ Address:\",\"store_locator_default_address\":\"\",\"wpgmza_store_locator_restrict\":\"\",\"wpgmza_store_locator_radius_style\":\"modern\",\"map_max_zoom\":\"1\",\"transport_layer\":0,\"wpgmza_theme_data\":\"\",\"wpgmza_show_points_of_interest\":1,\"wpgmza_auto_night\":0}}' data-map-id='1' data-maps-engine='google-maps' data-shortcode-attributes='{\"id\":\"1\"}' style=\"display:block; overflow:auto; width:100%; height:550px; float:left;\"><\/div><\/p>\n<\/div>\n<\/div><\/div><\/div><\/div><\/div><\/div><\/div>\n<\/div><\/div>\n\n\n\n<p>The company is registered in the Trade Register of the Czech Republic.<\/p>\n\n\n<div class=\"wp-block-image\">\n<figure class=\"aligncenter size-full\"><img loading=\"lazy\" decoding=\"async\" width=\"300\" height=\"300\" src=\"https:\/\/penzion-melkus.cz\/wp-content\/uploads\/2022\/08\/frame.png\" alt=\"\" class=\"wp-image-469\" srcset=\"https:\/\/penzion-melkus.cz\/wp-content\/uploads\/2022\/08\/frame.png 300w, https:\/\/penzion-melkus.cz\/wp-content\/uploads\/2022\/08\/frame-150x150.png 150w, https:\/\/penzion-melkus.cz\/wp-content\/uploads\/2022\/08\/frame-12x12.png 12w, https:\/\/penzion-melkus.cz\/wp-content\/uploads\/2022\/08\/frame-60x60.png 60w\" sizes=\"auto, (max-width: 300px) 100vw, 300px\" \/><figcaption>Scan QR code and add our contact number into your phone.<\/figcaption><\/figure>\n<\/div>","protected":false},"excerpt":{"rendered":"<p>The company is registered in the Trade Register of the Czech Republic.<\/p>","protected":false},"author":1,"featured_media":0,"parent":0,"menu_order":0,"comment_status":"closed","ping_status":"closed","template":"","meta":{"footnotes":""},"class_list":["post-64","page","type-page","status-publish","hentry"],"yoast_head":"<!-- This site is optimized with the Yoast SEO plugin v26.8 - https:\/\/yoast.com\/product\/yoast-seo-wordpress\/ -->\n<title>Kontakt - Penzion Melkus<\/title>\n<meta name=\"robots\" content=\"index, follow, max-snippet:-1, max-image-preview:large, max-video-preview:-1\" \/>\n<link rel=\"canonical\" href=\"https:\/\/penzion-melkus.cz\/en\/kontakt\/\" \/>\n<meta property=\"og:locale\" content=\"en_GB\" \/>\n<meta property=\"og:type\" content=\"article\" \/>\n<meta property=\"og:title\" content=\"Kontakt - Penzion Melkus\" \/>\n<meta property=\"og:description\" content=\"Firma je zaps\u00e1na v \u017eivnostensk\u00e9m rejst\u0159\u00edku.\" \/>\n<meta property=\"og:url\" content=\"https:\/\/penzion-melkus.cz\/en\/kontakt\/\" \/>\n<meta property=\"og:site_name\" content=\"Penzion Melkus\" \/>\n<meta property=\"article:publisher\" content=\"https:\/\/www.facebook.com\/penzionmelkus13\" \/>\n<meta property=\"article:modified_time\" content=\"2022-09-12T18:33:27+00:00\" \/>\n<meta property=\"og:image\" content=\"https:\/\/penzion-melkus.cz\/wp-content\/uploads\/2022\/08\/frame.png\" \/>\n<meta name=\"twitter:card\" content=\"summary_large_image\" \/>\n<meta name=\"twitter:label1\" content=\"Est. reading time\" \/>\n\t<meta name=\"twitter:data1\" content=\"1 minute\" \/>\n<script type=\"application\/ld+json\" class=\"yoast-schema-graph\">{\"@context\":\"https:\/\/schema.org\",\"@graph\":[{\"@type\":\"WebPage\",\"@id\":\"https:\/\/penzion-melkus.cz\/kontakt\/\",\"url\":\"https:\/\/penzion-melkus.cz\/kontakt\/\",\"name\":\"Kontakt - Penzion Melkus\",\"isPartOf\":{\"@id\":\"https:\/\/penzion-melkus.cz\/#website\"},\"primaryImageOfPage\":{\"@id\":\"https:\/\/penzion-melkus.cz\/kontakt\/#primaryimage\"},\"image\":{\"@id\":\"https:\/\/penzion-melkus.cz\/kontakt\/#primaryimage\"},\"thumbnailUrl\":\"https:\/\/penzion-melkus.cz\/wp-content\/uploads\/2022\/08\/frame.png\",\"datePublished\":\"2020-01-07T14:11:32+00:00\",\"dateModified\":\"2022-09-12T18:33:27+00:00\",\"breadcrumb\":{\"@id\":\"https:\/\/penzion-melkus.cz\/kontakt\/#breadcrumb\"},\"inLanguage\":\"en-GB\",\"potentialAction\":[{\"@type\":\"ReadAction\",\"target\":[\"https:\/\/penzion-melkus.cz\/kontakt\/\"]}]},{\"@type\":\"ImageObject\",\"inLanguage\":\"en-GB\",\"@id\":\"https:\/\/penzion-melkus.cz\/kontakt\/#primaryimage\",\"url\":\"https:\/\/penzion-melkus.cz\/wp-content\/uploads\/2022\/08\/frame.png\",\"contentUrl\":\"https:\/\/penzion-melkus.cz\/wp-content\/uploads\/2022\/08\/frame.png\"},{\"@type\":\"BreadcrumbList\",\"@id\":\"https:\/\/penzion-melkus.cz\/kontakt\/#breadcrumb\",\"itemListElement\":[{\"@type\":\"ListItem\",\"position\":1,\"name\":\"Home\",\"item\":\"https:\/\/penzion-melkus.cz\/\"},{\"@type\":\"ListItem\",\"position\":2,\"name\":\"Kontakt\"}]},{\"@type\":\"WebSite\",\"@id\":\"https:\/\/penzion-melkus.cz\/#website\",\"url\":\"https:\/\/penzion-melkus.cz\/\",\"name\":\"Penzion Melkus\",\"description\":\"\",\"publisher\":{\"@id\":\"https:\/\/penzion-melkus.cz\/#organization\"},\"potentialAction\":[{\"@type\":\"SearchAction\",\"target\":{\"@type\":\"EntryPoint\",\"urlTemplate\":\"https:\/\/penzion-melkus.cz\/?s={search_term_string}\"},\"query-input\":{\"@type\":\"PropertyValueSpecification\",\"valueRequired\":true,\"valueName\":\"search_term_string\"}}],\"inLanguage\":\"en-GB\"},{\"@type\":\"Organization\",\"@id\":\"https:\/\/penzion-melkus.cz\/#organization\",\"name\":\"Penzion Melkus\",\"url\":\"https:\/\/penzion-melkus.cz\/\",\"logo\":{\"@type\":\"ImageObject\",\"inLanguage\":\"en-GB\",\"@id\":\"https:\/\/penzion-melkus.cz\/#\/schema\/logo\/image\/\",\"url\":\"https:\/\/penzion-melkus.cz\/wp-content\/uploads\/2021\/01\/138190537_806927350038659_405872878942138506_n-1.jpg\",\"contentUrl\":\"https:\/\/penzion-melkus.cz\/wp-content\/uploads\/2021\/01\/138190537_806927350038659_405872878942138506_n-1.jpg\",\"width\":410,\"height\":320,\"caption\":\"Penzion Melkus\"},\"image\":{\"@id\":\"https:\/\/penzion-melkus.cz\/#\/schema\/logo\/image\/\"},\"sameAs\":[\"https:\/\/www.facebook.com\/penzionmelkus13\"]}]}<\/script>\n<!-- \/ Yoast SEO plugin. -->","yoast_head_json":{"title":"Kontakt - Penzion Melkus","robots":{"index":"index","follow":"follow","max-snippet":"max-snippet:-1","max-image-preview":"max-image-preview:large","max-video-preview":"max-video-preview:-1"},"canonical":"https:\/\/penzion-melkus.cz\/en\/kontakt\/","og_locale":"en_GB","og_type":"article","og_title":"Kontakt - Penzion Melkus","og_description":"Firma je zaps\u00e1na v \u017eivnostensk\u00e9m rejst\u0159\u00edku.","og_url":"https:\/\/penzion-melkus.cz\/en\/kontakt\/","og_site_name":"Penzion Melkus","article_publisher":"https:\/\/www.facebook.com\/penzionmelkus13","article_modified_time":"2022-09-12T18:33:27+00:00","og_image":[{"url":"https:\/\/penzion-melkus.cz\/wp-content\/uploads\/2022\/08\/frame.png","type":"","width":"","height":""}],"twitter_card":"summary_large_image","twitter_misc":{"Est. reading time":"1 minute"},"schema":{"@context":"https:\/\/schema.org","@graph":[{"@type":"WebPage","@id":"https:\/\/penzion-melkus.cz\/kontakt\/","url":"https:\/\/penzion-melkus.cz\/kontakt\/","name":"Kontakt - Penzion Melkus","isPartOf":{"@id":"https:\/\/penzion-melkus.cz\/#website"},"primaryImageOfPage":{"@id":"https:\/\/penzion-melkus.cz\/kontakt\/#primaryimage"},"image":{"@id":"https:\/\/penzion-melkus.cz\/kontakt\/#primaryimage"},"thumbnailUrl":"https:\/\/penzion-melkus.cz\/wp-content\/uploads\/2022\/08\/frame.png","datePublished":"2020-01-07T14:11:32+00:00","dateModified":"2022-09-12T18:33:27+00:00","breadcrumb":{"@id":"https:\/\/penzion-melkus.cz\/kontakt\/#breadcrumb"},"inLanguage":"en-GB","potentialAction":[{"@type":"ReadAction","target":["https:\/\/penzion-melkus.cz\/kontakt\/"]}]},{"@type":"ImageObject","inLanguage":"en-GB","@id":"https:\/\/penzion-melkus.cz\/kontakt\/#primaryimage","url":"https:\/\/penzion-melkus.cz\/wp-content\/uploads\/2022\/08\/frame.png","contentUrl":"https:\/\/penzion-melkus.cz\/wp-content\/uploads\/2022\/08\/frame.png"},{"@type":"BreadcrumbList","@id":"https:\/\/penzion-melkus.cz\/kontakt\/#breadcrumb","itemListElement":[{"@type":"ListItem","position":1,"name":"Home","item":"https:\/\/penzion-melkus.cz\/"},{"@type":"ListItem","position":2,"name":"Kontakt"}]},{"@type":"WebSite","@id":"https:\/\/penzion-melkus.cz\/#website","url":"https:\/\/penzion-melkus.cz\/","name":"Penzion Melkus","description":"","publisher":{"@id":"https:\/\/penzion-melkus.cz\/#organization"},"potentialAction":[{"@type":"SearchAction","target":{"@type":"EntryPoint","urlTemplate":"https:\/\/penzion-melkus.cz\/?s={search_term_string}"},"query-input":{"@type":"PropertyValueSpecification","valueRequired":true,"valueName":"search_term_string"}}],"inLanguage":"en-GB"},{"@type":"Organization","@id":"https:\/\/penzion-melkus.cz\/#organization","name":"Penzion Melkus","url":"https:\/\/penzion-melkus.cz\/","logo":{"@type":"ImageObject","inLanguage":"en-GB","@id":"https:\/\/penzion-melkus.cz\/#\/schema\/logo\/image\/","url":"https:\/\/penzion-melkus.cz\/wp-content\/uploads\/2021\/01\/138190537_806927350038659_405872878942138506_n-1.jpg","contentUrl":"https:\/\/penzion-melkus.cz\/wp-content\/uploads\/2021\/01\/138190537_806927350038659_405872878942138506_n-1.jpg","width":410,"height":320,"caption":"Penzion Melkus"},"image":{"@id":"https:\/\/penzion-melkus.cz\/#\/schema\/logo\/image\/"},"sameAs":["https:\/\/www.facebook.com\/penzionmelkus13"]}]}},"_links":{"self":[{"href":"https:\/\/penzion-melkus.cz\/en\/wp-json\/wp\/v2\/pages\/64","targetHints":{"allow":["GET"]}}],"collection":[{"href":"https:\/\/penzion-melkus.cz\/en\/wp-json\/wp\/v2\/pages"}],"about":[{"href":"https:\/\/penzion-melkus.cz\/en\/wp-json\/wp\/v2\/types\/page"}],"author":[{"embeddable":true,"href":"https:\/\/penzion-melkus.cz\/en\/wp-json\/wp\/v2\/users\/1"}],"replies":[{"embeddable":true,"href":"https:\/\/penzion-melkus.cz\/en\/wp-json\/wp\/v2\/comments?post=64"}],"version-history":[{"count":19,"href":"https:\/\/penzion-melkus.cz\/en\/wp-json\/wp\/v2\/pages\/64\/revisions"}],"predecessor-version":[{"id":708,"href":"https:\/\/penzion-melkus.cz\/en\/wp-json\/wp\/v2\/pages\/64\/revisions\/708"}],"wp:attachment":[{"href":"https:\/\/penzion-melkus.cz\/en\/wp-json\/wp\/v2\/media?parent=64"}],"curies":[{"name":"wp","href":"https:\/\/api.w.org\/{rel}","templated":true}]}}