{"id":51,"date":"2020-01-07T14:01:51","date_gmt":"2020-01-07T14:01:51","guid":{"rendered":"http:\/\/penzion-melkus.cz\/?page_id=51"},"modified":"2025-04-28T14:21:43","modified_gmt":"2025-04-28T14:21:43","slug":"cenik","status":"publish","type":"page","link":"https:\/\/penzion-melkus.cz\/en\/cenik\/","title":{"rendered":"Price list"},"content":{"rendered":"<p>Mo\u017enost polopenze a sn\u00eddan\u011b, kter\u00e9 jsou zahrnuty v cen\u011b.<\/p>\n<p><span style=\"font-size: 12pt;\">Prosinec &#8211; B\u0159ezen\u00a0 \u00a0 \u00a0950K\u010d &#8211; 1400K\u010d<\/span><\/p>\n<p><span style=\"font-size: 12pt;\">Duben &#8211; Listopad\u00a0 \u00a0 \u00a0 950K\u010d &#8211; 1050K\u010d<\/span><\/p>\n<p><span style=\"font-size: 12pt;\">Extra charge for pets\u00a0 \u00a0 \u00a0 \u00a0 \u00a0 \u00a0 \u00a0 150K\u010d<\/span><\/p>\n<p><span style=\"font-size: 12pt;\">Sauna\u00a0 \u00a0 \u00a0 \u00a0 \u00a0 \u00a0 \u00a0 \u00a0 \u00a0 \u00a0 \u00a0 \u00a0600K\u010d\/hod. max 4 osoby<\/span><\/p>\n<p>\u00a0<\/p>\n<p>Local tax of 35 CZK per person per day<\/p>\n\n\n<p><\/p>\n\n\n\n<p>To book your stay, please contact us directly by phone or email, we will be happy to go through the reservation with you personally and answer any questions you may have. Alternatively, you can use our enquiry form.<\/p>\n\n\n\n<p><\/p>\n\n\n\n<p><strong>Cancellation terms<\/strong><\/p>\n\n\n\n<ul class=\"wp-block-list\"><li><strong>One month before the stay<\/strong> The deposit will be fully refunded<\/li><li><strong>14 days before the stay:<\/strong> The deposit will be refunded 50%.<\/li><li><strong>Less than 7 days before the stay:<\/strong> The deposit will not be refunded.<\/li><\/ul>\n\n\n<div class=\"wp-block-image\">\n<figure class=\"aligncenter size-large\"><img loading=\"lazy\" decoding=\"async\" width=\"1024\" height=\"575\" src=\"https:\/\/penzion-melkus.cz\/wp-content\/uploads\/2020\/01\/DJI_0035-1024x575.jpg\" alt=\"\" class=\"wp-image-263\" srcset=\"https:\/\/penzion-melkus.cz\/wp-content\/uploads\/2020\/01\/DJI_0035-1024x575.jpg 1024w, https:\/\/penzion-melkus.cz\/wp-content\/uploads\/2020\/01\/DJI_0035-300x168.jpg 300w, https:\/\/penzion-melkus.cz\/wp-content\/uploads\/2020\/01\/DJI_0035-768x431.jpg 768w, https:\/\/penzion-melkus.cz\/wp-content\/uploads\/2020\/01\/DJI_0035-1536x863.jpg 1536w, https:\/\/penzion-melkus.cz\/wp-content\/uploads\/2020\/01\/DJI_0035-2048x1150.jpg 2048w\" sizes=\"auto, (max-width: 1024px) 100vw, 1024px\" \/><figcaption>We are looking forward to seeing you!<\/figcaption><\/figure>\n<\/div>","protected":false},"excerpt":{"rendered":"<p>Mo\u017enost polopenze a sn\u00eddan\u011b, kter\u00e9 jsou zahrnuty v cen\u011b. Prosinec &#8211; B\u0159ezen\u00a0 \u00a0 \u00a0950K\u010d &#8211; 1400K\u010d Duben &#8211; Listopad\u00a0 \u00a0 \u00a0 950K\u010d &#8211; 1050K\u010d Pes &hellip; <\/p>","protected":false},"author":1,"featured_media":0,"parent":0,"menu_order":0,"comment_status":"closed","ping_status":"closed","template":"","meta":{"footnotes":""},"class_list":["post-51","page","type-page","status-publish","hentry"],"yoast_head":"<!-- This site is optimized with the Yoast SEO plugin v26.8 - https:\/\/yoast.com\/product\/yoast-seo-wordpress\/ -->\n<title>Cen\u00edk - Penzion Melkus<\/title>\n<meta name=\"robots\" content=\"index, follow, max-snippet:-1, max-image-preview:large, max-video-preview:-1\" \/>\n<link rel=\"canonical\" href=\"https:\/\/penzion-melkus.cz\/en\/cenik\/\" \/>\n<meta property=\"og:locale\" content=\"en_GB\" \/>\n<meta property=\"og:type\" content=\"article\" \/>\n<meta property=\"og:title\" content=\"Cen\u00edk - Penzion Melkus\" \/>\n<meta property=\"og:description\" content=\"Mo\u017enost polopenze a sn\u00eddan\u011b, kter\u00e9 jsou zahrnuty v cen\u011b. Prosinec &#8211; B\u0159ezen\u00a0 \u00a0 \u00a0950K\u010d &#8211; 1400K\u010d Duben &#8211; Listopad\u00a0 \u00a0 \u00a0 950K\u010d &#8211; 1050K\u010d Pes &hellip;\" \/>\n<meta property=\"og:url\" content=\"https:\/\/penzion-melkus.cz\/en\/cenik\/\" \/>\n<meta property=\"og:site_name\" content=\"Penzion Melkus\" \/>\n<meta property=\"article:publisher\" content=\"https:\/\/www.facebook.com\/penzionmelkus13\" \/>\n<meta property=\"article:modified_time\" content=\"2025-04-28T14:21:43+00:00\" \/>\n<meta property=\"og:image\" content=\"https:\/\/penzion-melkus.cz\/wp-content\/uploads\/2020\/01\/DJI_0035-1024x575.jpg\" \/>\n<meta name=\"twitter:card\" content=\"summary_large_image\" \/>\n<meta name=\"twitter:label1\" content=\"Est. reading time\" \/>\n\t<meta name=\"twitter:data1\" content=\"1 minute\" \/>\n<script type=\"application\/ld+json\" class=\"yoast-schema-graph\">{\"@context\":\"https:\/\/schema.org\",\"@graph\":[{\"@type\":\"WebPage\",\"@id\":\"https:\/\/penzion-melkus.cz\/cenik\/\",\"url\":\"https:\/\/penzion-melkus.cz\/cenik\/\",\"name\":\"Cen\u00edk - Penzion Melkus\",\"isPartOf\":{\"@id\":\"https:\/\/penzion-melkus.cz\/#website\"},\"primaryImageOfPage\":{\"@id\":\"https:\/\/penzion-melkus.cz\/cenik\/#primaryimage\"},\"image\":{\"@id\":\"https:\/\/penzion-melkus.cz\/cenik\/#primaryimage\"},\"thumbnailUrl\":\"https:\/\/penzion-melkus.cz\/wp-content\/uploads\/2020\/01\/DJI_0035-1024x575.jpg\",\"datePublished\":\"2020-01-07T14:01:51+00:00\",\"dateModified\":\"2025-04-28T14:21:43+00:00\",\"breadcrumb\":{\"@id\":\"https:\/\/penzion-melkus.cz\/cenik\/#breadcrumb\"},\"inLanguage\":\"en-GB\",\"potentialAction\":[{\"@type\":\"ReadAction\",\"target\":[\"https:\/\/penzion-melkus.cz\/cenik\/\"]}]},{\"@type\":\"ImageObject\",\"inLanguage\":\"en-GB\",\"@id\":\"https:\/\/penzion-melkus.cz\/cenik\/#primaryimage\",\"url\":\"https:\/\/penzion-melkus.cz\/wp-content\/uploads\/2020\/01\/DJI_0035-1024x575.jpg\",\"contentUrl\":\"https:\/\/penzion-melkus.cz\/wp-content\/uploads\/2020\/01\/DJI_0035-1024x575.jpg\"},{\"@type\":\"BreadcrumbList\",\"@id\":\"https:\/\/penzion-melkus.cz\/cenik\/#breadcrumb\",\"itemListElement\":[{\"@type\":\"ListItem\",\"position\":1,\"name\":\"Home\",\"item\":\"https:\/\/penzion-melkus.cz\/\"},{\"@type\":\"ListItem\",\"position\":2,\"name\":\"Cen\u00edk\"}]},{\"@type\":\"WebSite\",\"@id\":\"https:\/\/penzion-melkus.cz\/#website\",\"url\":\"https:\/\/penzion-melkus.cz\/\",\"name\":\"Penzion Melkus\",\"description\":\"\",\"publisher\":{\"@id\":\"https:\/\/penzion-melkus.cz\/#organization\"},\"potentialAction\":[{\"@type\":\"SearchAction\",\"target\":{\"@type\":\"EntryPoint\",\"urlTemplate\":\"https:\/\/penzion-melkus.cz\/?s={search_term_string}\"},\"query-input\":{\"@type\":\"PropertyValueSpecification\",\"valueRequired\":true,\"valueName\":\"search_term_string\"}}],\"inLanguage\":\"en-GB\"},{\"@type\":\"Organization\",\"@id\":\"https:\/\/penzion-melkus.cz\/#organization\",\"name\":\"Penzion Melkus\",\"url\":\"https:\/\/penzion-melkus.cz\/\",\"logo\":{\"@type\":\"ImageObject\",\"inLanguage\":\"en-GB\",\"@id\":\"https:\/\/penzion-melkus.cz\/#\/schema\/logo\/image\/\",\"url\":\"https:\/\/penzion-melkus.cz\/wp-content\/uploads\/2021\/01\/138190537_806927350038659_405872878942138506_n-1.jpg\",\"contentUrl\":\"https:\/\/penzion-melkus.cz\/wp-content\/uploads\/2021\/01\/138190537_806927350038659_405872878942138506_n-1.jpg\",\"width\":410,\"height\":320,\"caption\":\"Penzion Melkus\"},\"image\":{\"@id\":\"https:\/\/penzion-melkus.cz\/#\/schema\/logo\/image\/\"},\"sameAs\":[\"https:\/\/www.facebook.com\/penzionmelkus13\"]}]}<\/script>\n<!-- \/ Yoast SEO plugin. -->","yoast_head_json":{"title":"Cen\u00edk - Penzion Melkus","robots":{"index":"index","follow":"follow","max-snippet":"max-snippet:-1","max-image-preview":"max-image-preview:large","max-video-preview":"max-video-preview:-1"},"canonical":"https:\/\/penzion-melkus.cz\/en\/cenik\/","og_locale":"en_GB","og_type":"article","og_title":"Cen\u00edk - Penzion Melkus","og_description":"Mo\u017enost polopenze a sn\u00eddan\u011b, kter\u00e9 jsou zahrnuty v cen\u011b. Prosinec &#8211; B\u0159ezen\u00a0 \u00a0 \u00a0950K\u010d &#8211; 1400K\u010d Duben &#8211; Listopad\u00a0 \u00a0 \u00a0 950K\u010d &#8211; 1050K\u010d Pes &hellip;","og_url":"https:\/\/penzion-melkus.cz\/en\/cenik\/","og_site_name":"Penzion Melkus","article_publisher":"https:\/\/www.facebook.com\/penzionmelkus13","article_modified_time":"2025-04-28T14:21:43+00:00","og_image":[{"url":"https:\/\/penzion-melkus.cz\/wp-content\/uploads\/2020\/01\/DJI_0035-1024x575.jpg","type":"","width":"","height":""}],"twitter_card":"summary_large_image","twitter_misc":{"Est. reading time":"1 minute"},"schema":{"@context":"https:\/\/schema.org","@graph":[{"@type":"WebPage","@id":"https:\/\/penzion-melkus.cz\/cenik\/","url":"https:\/\/penzion-melkus.cz\/cenik\/","name":"Cen\u00edk - Penzion Melkus","isPartOf":{"@id":"https:\/\/penzion-melkus.cz\/#website"},"primaryImageOfPage":{"@id":"https:\/\/penzion-melkus.cz\/cenik\/#primaryimage"},"image":{"@id":"https:\/\/penzion-melkus.cz\/cenik\/#primaryimage"},"thumbnailUrl":"https:\/\/penzion-melkus.cz\/wp-content\/uploads\/2020\/01\/DJI_0035-1024x575.jpg","datePublished":"2020-01-07T14:01:51+00:00","dateModified":"2025-04-28T14:21:43+00:00","breadcrumb":{"@id":"https:\/\/penzion-melkus.cz\/cenik\/#breadcrumb"},"inLanguage":"en-GB","potentialAction":[{"@type":"ReadAction","target":["https:\/\/penzion-melkus.cz\/cenik\/"]}]},{"@type":"ImageObject","inLanguage":"en-GB","@id":"https:\/\/penzion-melkus.cz\/cenik\/#primaryimage","url":"https:\/\/penzion-melkus.cz\/wp-content\/uploads\/2020\/01\/DJI_0035-1024x575.jpg","contentUrl":"https:\/\/penzion-melkus.cz\/wp-content\/uploads\/2020\/01\/DJI_0035-1024x575.jpg"},{"@type":"BreadcrumbList","@id":"https:\/\/penzion-melkus.cz\/cenik\/#breadcrumb","itemListElement":[{"@type":"ListItem","position":1,"name":"Home","item":"https:\/\/penzion-melkus.cz\/"},{"@type":"ListItem","position":2,"name":"Cen\u00edk"}]},{"@type":"WebSite","@id":"https:\/\/penzion-melkus.cz\/#website","url":"https:\/\/penzion-melkus.cz\/","name":"Penzion Melkus","description":"","publisher":{"@id":"https:\/\/penzion-melkus.cz\/#organization"},"potentialAction":[{"@type":"SearchAction","target":{"@type":"EntryPoint","urlTemplate":"https:\/\/penzion-melkus.cz\/?s={search_term_string}"},"query-input":{"@type":"PropertyValueSpecification","valueRequired":true,"valueName":"search_term_string"}}],"inLanguage":"en-GB"},{"@type":"Organization","@id":"https:\/\/penzion-melkus.cz\/#organization","name":"Penzion Melkus","url":"https:\/\/penzion-melkus.cz\/","logo":{"@type":"ImageObject","inLanguage":"en-GB","@id":"https:\/\/penzion-melkus.cz\/#\/schema\/logo\/image\/","url":"https:\/\/penzion-melkus.cz\/wp-content\/uploads\/2021\/01\/138190537_806927350038659_405872878942138506_n-1.jpg","contentUrl":"https:\/\/penzion-melkus.cz\/wp-content\/uploads\/2021\/01\/138190537_806927350038659_405872878942138506_n-1.jpg","width":410,"height":320,"caption":"Penzion Melkus"},"image":{"@id":"https:\/\/penzion-melkus.cz\/#\/schema\/logo\/image\/"},"sameAs":["https:\/\/www.facebook.com\/penzionmelkus13"]}]}},"_links":{"self":[{"href":"https:\/\/penzion-melkus.cz\/en\/wp-json\/wp\/v2\/pages\/51","targetHints":{"allow":["GET"]}}],"collection":[{"href":"https:\/\/penzion-melkus.cz\/en\/wp-json\/wp\/v2\/pages"}],"about":[{"href":"https:\/\/penzion-melkus.cz\/en\/wp-json\/wp\/v2\/types\/page"}],"author":[{"embeddable":true,"href":"https:\/\/penzion-melkus.cz\/en\/wp-json\/wp\/v2\/users\/1"}],"replies":[{"embeddable":true,"href":"https:\/\/penzion-melkus.cz\/en\/wp-json\/wp\/v2\/comments?post=51"}],"version-history":[{"count":50,"href":"https:\/\/penzion-melkus.cz\/en\/wp-json\/wp\/v2\/pages\/51\/revisions"}],"predecessor-version":[{"id":744,"href":"https:\/\/penzion-melkus.cz\/en\/wp-json\/wp\/v2\/pages\/51\/revisions\/744"}],"wp:attachment":[{"href":"https:\/\/penzion-melkus.cz\/en\/wp-json\/wp\/v2\/media?parent=51"}],"curies":[{"name":"wp","href":"https:\/\/api.w.org\/{rel}","templated":true}]}}